{"id":422,"date":"2023-01-25T13:04:55","date_gmt":"2023-01-25T12:04:55","guid":{"rendered":"https:\/\/gustobyte.com\/?page_id=422"},"modified":"2023-05-09T15:04:10","modified_gmt":"2023-05-09T13:04:10","slug":"impressum","status":"publish","type":"page","link":"https:\/\/gustobyte.com\/de\/impressum\/","title":{"rendered":"Impressum"},"content":{"rendered":"\n<h2>Angaben gem\u00e4\u00df \u00a7 5 TMG<\/h2>\n\n\n\n<p>GustoByte UG (haftungsbeschr\u00e4nkt)<br>Hohe Str. 62<br>31592 Stolzenau<\/p>\n\n\n\n<p>Handelsregister: HRB 210774<br>Registergericht: Amtsgericht Walsrode<\/p>\n\n\n\n<p><strong>Vertreten durch:<\/strong><br>Nils B\u00e4\u00dfler<br>Yannik Scheibner<br>Daniel Seifert<\/p>\n\n\n\n<h2>Kontakt<\/h2>\n\n\n\n<p>Telefon: 057618314914<br>E-Mail: hello@gustobyte.com<\/p>\n\n\n\n<h2>EU-Streitschlichtung<\/h2>\n\n\n\n<p>Die Europ\u00e4ische Kommission stellt eine Plattform zur Online-Streitbeilegung (OS) bereit: <a href=\"https:\/\/ec.europa.eu\/consumers\/odr\/\" target=\"_blank\" rel=\"noreferrer noopener\">https:\/\/ec.europa.eu\/consumers\/odr\/<\/a>.<br>Unsere E-Mail-Adresse finden Sie oben im Impressum.<\/p>\n\n\n\n<h2>Verbraucher\u00adstreit\u00adbeilegung\/Universal\u00adschlichtungs\u00adstelle<\/h2>\n\n\n\n<p>Wir sind nicht bereit oder verpflichtet, an Streitbeilegungsverfahren vor einer Verbraucherschlichtungsstelle teilzunehmen.<\/p>\n","protected":false},"excerpt":{"rendered":"<p>Angaben gem\u00e4\u00df \u00a7 5 TMG GustoByte UG (haftungsbeschr\u00e4nkt)Hohe Str. 6231592 Stolzenau Handelsregister: HRB 210774Registergericht: Amtsgericht Walsrode Vertreten durch:Nils B\u00e4\u00dflerYannik ScheibnerDaniel Seifert Kontakt Telefon: 057618314914E-Mail: hello@gustobyte.com EU-Streitschlichtung Die Europ\u00e4ische Kommission stellt eine Plattform zur Online-Streitbeilegung (OS) bereit: https:\/\/ec.europa.eu\/consumers\/odr\/.Unsere E-Mail-Adresse finden Sie oben im Impressum. Verbraucher\u00adstreit\u00adbeilegung\/Universal\u00adschlichtungs\u00adstelle Wir sind nicht bereit oder verpflichtet, an Streitbeilegungsverfahren vor einer Verbraucherschlichtungsstelle [&hellip;]<\/p>\n","protected":false},"author":1,"featured_media":0,"parent":0,"menu_order":0,"comment_status":"closed","ping_status":"closed","template":"","meta":[],"_links":{"self":[{"href":"https:\/\/gustobyte.com\/de\/wp-json\/wp\/v2\/pages\/422"}],"collection":[{"href":"https:\/\/gustobyte.com\/de\/wp-json\/wp\/v2\/pages"}],"about":[{"href":"https:\/\/gustobyte.com\/de\/wp-json\/wp\/v2\/types\/page"}],"author":[{"embeddable":true,"href":"https:\/\/gustobyte.com\/de\/wp-json\/wp\/v2\/users\/1"}],"replies":[{"embeddable":true,"href":"https:\/\/gustobyte.com\/de\/wp-json\/wp\/v2\/comments?post=422"}],"version-history":[{"count":1,"href":"https:\/\/gustobyte.com\/de\/wp-json\/wp\/v2\/pages\/422\/revisions"}],"predecessor-version":[{"id":423,"href":"https:\/\/gustobyte.com\/de\/wp-json\/wp\/v2\/pages\/422\/revisions\/423"}],"wp:attachment":[{"href":"https:\/\/gustobyte.com\/de\/wp-json\/wp\/v2\/media?parent=422"}],"curies":[{"name":"wp","href":"https:\/\/api.w.org\/{rel}","templated":true}]}}