{"id":408,"date":"2021-05-28T11:49:30","date_gmt":"2021-05-28T09:49:30","guid":{"rendered":"https:\/\/gustobyte.com\/home\/"},"modified":"2023-05-09T16:17:09","modified_gmt":"2023-05-09T14:17:09","slug":"home","status":"publish","type":"page","link":"https:\/\/gustobyte.com\/de\/","title":{"rendered":"Home"},"content":{"rendered":"<section class=\"wpb-content-wrapper\"><p>[vc_section el_id=&#8220;banner&#8220;][vc_row][vc_column]<div >[vc_row_inner content_placement=&#8220;middle&#8220; el_class=&#8220;align-items-center&#8220;][vc_column_inner el_class=&#8220;res-margin&#8220; offset=&#8220;vc_col-lg-7 vc_col-md-7&#8243;]<div class=\"banner-text\">\r\n\t\t\t\t\t<h1 class=\"wow fadeInUp\" data-wow-offset=\"10\" data-wow-duration=\"1s\" data-wow-delay=\"0s\">Bestellen <em>einfach gemacht<\/em><\/h1><p class=\"wow fadeInUp\" data-wow-offset=\"10\" data-wow-duration=\"1s\" data-wow-delay=\"0.3s\">Mit GustoByte decken Sie den gesamten Bestellprozess Ihres Restaurants ab. Die Bestellung am Tisch, zur Abholung oder zur Lieferung kombiniert mit g\u00e4ngigen bargeldlosen Zahlungsmethoden vereinfacht das Bestellerlebnis f\u00fcr Ihre Kunden und erleichtert Ihnen die Arbeit.<\/p><\/div><div class=\"button-store wow fadeInUp\" data-wow-offset=\"10\" data-wow-duration=\"1s\" data-wow-delay=\"0.6s\"><\/div>[\/vc_column_inner][vc_column_inner offset=&#8220;vc_col-lg-5 vc_col-md-5&#8243;]<div class=\"banner-image wow fadeInUp\" data-wow-offset=\"10\" data-wow-duration=\"1s\" data-wow-delay=\"0.3s\">\r\n\t\t\t\t\t<img class=\"bounce-effect\" src=\"https:\/\/gustobyte.com\/wp-content\/uploads\/2023\/01\/opener_screens.png\" alt=\"\" \/>\r\n\t\t\t\t <\/div>[\/vc_column_inner][\/vc_row_inner]<\/div>[\/vc_column][\/vc_row][\/vc_section][vc_section el_id=&#8220;clients&#8220; el_class=&#8220;section-box bg-grey&#8220;][\/vc_section][vc_section el_id=&#8220;features&#8220;][vc_row][vc_column]<div class=\"row justify-content-center\"><div class=\"col-12 col-md-10 col-lg-6\"><div class=\"section-title text-center  \"><h3>GustoByte - me gusto<\/h3><p>Deshalb w\u00e4hlen Sie GustoByte als ihr neues digitales Bestellsystem &#8211; oder einfach als Ihre Speisekarte:<\/p><\/div><\/div><\/div>[\/vc_column][\/vc_row][vc_row el_class=&#8220;vc_row-flex align-items-center&#8220;][vc_column width=&#8220;1\/3&#8243;]<ul class=\"features-item\" ><li> \r\n\t\t\t\t\t<div class=\"feature-box  d-flex\"> \r\n\t\t\t\t\t\t<div class=\"box-icon\">\r\n\t\t\t\t\t\t\t<div class=\"icon icon-ecommerce-graph-increase\">\r\n\t\t\t\t\t\t\t\t\r\n\t\t\t\t\t\t\t<\/div>\r\n\t\t\t\t\t\t<\/div>\r\n\t\t\t\t\t\t<div class=\"box-text align-self-center align-self-md-start\"><h4>Ohne Provision<\/h4><p>Mit GustoByte m\u00fcssen Sie kein St\u00fcck von Ihrem Kuchen abgeben. Ihr Gesch\u00e4ft &#8211; Ihre Einnahmen. Besonders zur heutigen Zeit muss man genau kalkulieren k\u00f6nnen. Deshalb k\u00f6nnen Sie bei uns auf eine fixe monatliche Geb\u00fchr z\u00e4hlen.<\/p><\/div>\r\n\t\t\t\t\t<\/div>\r\n\t\t\t\t<\/li><li> \r\n\t\t\t\t\t<div class=\"feature-box  d-flex\"> \r\n\t\t\t\t\t\t<div class=\"box-icon\">\r\n\t\t\t\t\t\t\t<div class=\"icon icon-music-bell\">\r\n\t\t\t\t\t\t\t\t\r\n\t\t\t\t\t\t\t<\/div>\r\n\t\t\t\t\t\t<\/div>\r\n\t\t\t\t\t\t<div class=\"box-text align-self-center align-self-md-start\"><h4>Serviceruf<\/h4><p>Nach dem \u00d6ffnen der Speisekarte via NFC, QR Code oder \u00fcber die Website haben Kunden die M\u00f6glichkeit, mit nur 2 Tipps den Service zu rufen.<\/p><\/div>\r\n\t\t\t\t\t<\/div>\r\n\t\t\t\t<\/li><li> \r\n\t\t\t\t\t<div class=\"feature-box  d-flex\"> \r\n\t\t\t\t\t\t<div class=\"box-icon\">\r\n\t\t\t\t\t\t\t<div class=\"icon icon-ecommerce-graph2\">\r\n\t\t\t\t\t\t\t\t\r\n\t\t\t\t\t\t\t<\/div>\r\n\t\t\t\t\t\t<\/div>\r\n\t\t\t\t\t\t<div class=\"box-text align-self-center align-self-md-start\"><h4>Kompensierung von Personalmangel<\/h4><p>Volles Haus und nicht genug Personal? GustoByte nimmt Ihnen Arbeit ab und l\u00e4sst Ihre Kunden in Sto\u00dfzeiten weniger lang warten.<\/p><\/div>\r\n\t\t\t\t\t<\/div>\r\n\t\t\t\t<\/li><\/ul>[\/vc_column][vc_column width=&#8220;1\/3&#8243; offset=&#8220;vc_hidden-xs&#8220;][vc_single_image image=&#8220;281&#8243; img_size=&#8220;full&#8220; alignment=&#8220;center&#8220; css_animation=&#8220;fadeInUp&#8220;][\/vc_column][vc_column width=&#8220;1\/3&#8243;]<ul class=\"features-item\" ><li> \r\n\t\t\t\t\t<div class=\"feature-box  d-flex\"> \r\n\t\t\t\t\t\t<div class=\"box-icon\">\r\n\t\t\t\t\t\t\t<div class=\"icon icon-basic-chronometer\">\r\n\t\t\t\t\t\t\t\t\r\n\t\t\t\t\t\t\t<\/div>\r\n\t\t\t\t\t\t<\/div>\r\n\t\t\t\t\t\t<div class=\"box-text align-self-center align-self-md-start\"><h4>Keine App<\/h4><p>Ihre Kunden haben keine Lust, nur zum Bestellen eine App zu laden. GustoByte ist eine simple Webseite mit schneller Ladezeit und geringem Datenverbrauch.<\/p><\/div>\r\n\t\t\t\t\t<\/div>\r\n\t\t\t\t<\/li><li> \r\n\t\t\t\t\t<div class=\"feature-box  d-flex\"> \r\n\t\t\t\t\t\t<div class=\"box-icon\">\r\n\t\t\t\t\t\t\t<div class=\"icon icon-weather-lightning\">\r\n\t\t\t\t\t\t\t\t\r\n\t\t\t\t\t\t\t<\/div>\r\n\t\t\t\t\t\t<\/div>\r\n\t\t\t\t\t\t<div class=\"box-text align-self-center align-self-md-start\"><h4>Weniger Laufwege<\/h4><p>Die eigenst\u00e4ndige Bestelloption f\u00fcr Ihre Kunden sparen Ihrem Personal Laufwege und somit Zeit.<\/p><\/div>\r\n\t\t\t\t\t<\/div>\r\n\t\t\t\t<\/li><li> \r\n\t\t\t\t\t<div class=\"feature-box  d-flex\"> \r\n\t\t\t\t\t\t<div class=\"box-icon\">\r\n\t\t\t\t\t\t\t<div class=\"icon icon-ecommerce-dollar\">\r\n\t\t\t\t\t\t\t\t\r\n\t\t\t\t\t\t\t<\/div>\r\n\t\t\t\t\t\t<\/div>\r\n\t\t\t\t\t\t<div class=\"box-text align-self-center align-self-md-start\"><h4>Ihre Kunden - ihr Geld<\/h4><p>Mit GustoByte gehen Zahlungen direkt an Sie. Durch das Verbinden Ihres PayPal- oder Stripe-Accounts behalten Sie die Kontrolle \u00fcber Ihre Finanzen.<\/p><\/div>\r\n\t\t\t\t\t<\/div>\r\n\t\t\t\t<\/li><\/ul>[\/vc_column][\/vc_row][\/vc_section][vc_section el_id=&#8220;services&#8220;][vc_row][vc_column]<div class=\"row justify-content-center\"><div class=\"col-12 col-md-10 col-lg-6\"><div class=\"section-title text-center  \"><h3>Drei Bestellm\u00f6glichkeiten<\/h3><p>Ihre Kunden k\u00f6nnen w\u00e4hrend des Aufenthalts oder von zuhause bestellen:<\/p><\/div><\/div><\/div>[\/vc_column][\/vc_row][vc_row][vc_column width=&#8220;1\/3&#8243;]<div class=\"service-single  res-margin wow fadeInUp\" data-wow-offset=\"10\" data-wow-duration=\"1s\" data-wow-delay=\"0s\">\r\n\t\t\t\t\t<div class=\"\">\r\n\t\t\t\t\t\t\r\n\t\t\t\t\t<\/div>\r\n\t\t\t\t\t<h5>Inhouse<\/h5>\r\n\t\t\t\t\t<p>Ihre Kunden k\u00f6nnen auf drei verschiedene Arten die Karte sehen und bestellen: Entweder durch dichtes Halten des Handys mit NFC an den Tischaufstellen, durch scannen des QR-Codes, oder durch die manuelle Eingabe im Browser.<\/p>\r\n\t\t\t\t<\/div>[\/vc_column][vc_column width=&#8220;1\/3&#8243;]<div class=\"service-single  res-margin wow fadeInUp\" data-wow-offset=\"10\" data-wow-duration=\"1s\" data-wow-delay=\"0.3s\">\r\n\t\t\t\t\t<div class=\"\">\r\n\t\t\t\t\t\t\r\n\t\t\t\t\t<\/div>\r\n\t\t\t\t\t<h5>Abholung<\/h5>\r\n\t\t\t\t\t<p>Setzen Sie einen Link auf Ihre Webseite oder nutzen Sie Ihre bestehende Adresse f\u00fcr GustoByte. Ihre Kunden k\u00f6nnen die Abholung zu einer bestimmten Zeit ausw\u00e4hlen und k\u00f6nnen elektronisch w\u00e4hrend des Bestellvorgangs oder bar bei der Abholung bezahlen.<\/p>\r\n\t\t\t\t<\/div>[\/vc_column][vc_column width=&#8220;1\/3&#8243;]<div class=\"service-single  res-margin wow fadeInUp\" data-wow-offset=\"10\" data-wow-duration=\"1s\" data-wow-delay=\"0.6s\">\r\n\t\t\t\t\t<div class=\"\">\r\n\t\t\t\t\t\t\r\n\t\t\t\t\t<\/div>\r\n\t\t\t\t\t<h5>Lieferung<\/h5>\r\n\t\t\t\t\t<p>GustoByte kann auch f\u00fcr Ihren Lieferservice genutzt werden. Kunden k\u00f6nnen via PayPal, Kreditkarte oder bar zahlen. Um es Ihren Fahrern einfach zu machen, k\u00f6nnen Sie alle Lieferanweisungen per Knopfdruck ausdrucken.<\/p>\r\n\t\t\t\t<\/div>[\/vc_column][\/vc_row][\/vc_section][vc_section el_id=&#8220;support&#8220;][vc_row][vc_column el_id=&#8220;faq&#8220;]<div class=\"row justify-content-center\"><div class=\"col-12 col-md-10 col-lg-6\"><div class=\"section-title text-center  \"><h3>H\u00e4ufig gestellte Fragen<\/h3><\/div><\/div><\/div>[\/vc_column][\/vc_row][vc_row][vc_column offset=&#8220;vc_col-lg-offset-1 vc_col-lg-10&#8243;]<div id=\"accordion1\" class=\"accordion\" role=\"tablist\" ><div class=\"accordion-item\">\r\n\t\t\t\t\t<div class=\"accordion-header\" id=\"heading-1\">\r\n\t\t\t\t\t\t<h5><a class=\"accordion-button \" href=\"#collapse-1\" role=\"button\" aria-expanded=\"true\" data-bs-toggle=\"collapse\" aria-controls=\"collapse-1\">Wann kann ich GustoByte f\u00fcr mein Restaurant \/ Bistro \/ Bar kaufen?<\/a><\/h5>\r\n\t\t\t\t\t<\/div>\r\n\t\t\t\t\t<div id=\"collapse-1\" class=\"accordion-collapse collapse show\" aria-labelledby=\"heading-1\" data-bs-parent=\"#accordion1\">\r\n\t\t\t\t\t\t<div class=\"accordion-body\">\r\n\t\t\t\t\t\t\t<p>Wir befinden uns momentan in einer Testphase mit ausgew\u00e4hlten Partnern. Wenn Sie uns bei der Fertigstellung des Produkts helfen und damit von einem dauerhaften monatlichen Rabatt profitieren m\u00f6chten, melden Sie sich gern bei uns.<\/p>\n<p><strong>Wir rechnen Mitte 2023 mit der Fertigstellung des Produkts.<\/strong><\/p>\r\n\t\t\t\t\t\t<\/div>\r\n\t\t\t\t\t<\/div>\r\n\t\t\t\t<\/div><div class=\"accordion-item\">\r\n\t\t\t\t\t<div class=\"accordion-header\" id=\"heading-2\">\r\n\t\t\t\t\t\t<h5><a class=\"accordion-button collapsed\" href=\"#collapse-2\" role=\"button\" aria-expanded=\"false\" data-bs-toggle=\"collapse\" aria-controls=\"collapse-2\">Wie funktionieren die Zahlungen?<\/a><\/h5>\r\n\t\t\t\t\t<\/div>\r\n\t\t\t\t\t<div id=\"collapse-2\" class=\"accordion-collapse collapse \" aria-labelledby=\"heading-2\" data-bs-parent=\"#accordion1\">\r\n\t\t\t\t\t\t<div class=\"accordion-body\">\r\n\t\t\t\t\t\t\t<p>Sie k\u00f6nnen zwischen Barzahlung, PayPal und Stripe als Zahlungsmethode f\u00fcr Ihre Kunden w\u00e4hlen (Inhouse aktuell nur Barzahlung). Sie m\u00fcssen einen entsprechenden Account erstellen und verifizieren, um Zahlungen zu erhalten. Wenn SIe Hilfe bei der Einrichtung aller Daten ben\u00f6tigen, kontaktieren Sie uns gern.<\/p>\r\n\t\t\t\t\t\t<\/div>\r\n\t\t\t\t\t<\/div>\r\n\t\t\t\t<\/div><div class=\"accordion-item\">\r\n\t\t\t\t\t<div class=\"accordion-header\" id=\"heading-3\">\r\n\t\t\t\t\t\t<h5><a class=\"accordion-button collapsed\" href=\"#collapse-3\" role=\"button\" aria-expanded=\"false\" data-bs-toggle=\"collapse\" aria-controls=\"collapse-3\">Was kostet es?<\/a><\/h5>\r\n\t\t\t\t\t<\/div>\r\n\t\t\t\t\t<div id=\"collapse-3\" class=\"accordion-collapse collapse \" aria-labelledby=\"heading-3\" data-bs-parent=\"#accordion1\">\r\n\t\t\t\t\t\t<div class=\"accordion-body\">\r\n\t\t\t\t\t\t\t<p>Wenn das Produkt fertiggestellt ist, wird die monatliche Geb\u00fchr vorsaussichtlich 99\u20ac (zzgl. Steuern) betragen.<\/p>\n<p>Verglichen mit anderen Anbietern von Bestellsoftware, die beispielsweise 13% Provision als Geb\u00fchr verlangen,<strong>rechnet sich GustoByte f\u00fcr Sie bereits ab einer monatlichen Bestellsumme von nur 761,54\u20ac (ohne Steuer).<\/strong><\/p>\r\n\t\t\t\t\t\t<\/div>\r\n\t\t\t\t\t<\/div>\r\n\t\t\t\t<\/div><\/div>[\/vc_column][\/vc_row][vc_row][vc_column][vc_empty_space height=&#8220;30px&#8220;][vc_column_text el_class=&#8220;mb-0&#8243;]<\/p>\n<p style=\"text-align: center;\">Sie haben weitere Fragen? <a href=\"#contact\"><strong>Schreiben Sie uns<\/strong><\/a><\/p>\n<p>[\/vc_column_text][\/vc_column][\/vc_row][\/vc_section][vc_section el_id=&#8220;contact&#8220;][vc_row][vc_column]<div class=\"row justify-content-center\"><div class=\"col-12 col-md-10 col-lg-6\"><div class=\"section-title text-center  \"><h3>Kontakt aufnehmen<\/h3><p>F\u00fcr weitere Fragen zu GustoByte kontaktieren Sie uns gerne:<\/p><\/div><\/div><\/div>[\/vc_column][\/vc_row][vc_row][vc_column width=&#8220;1\/3&#8243;]<div class=\"contact-info res-margin\" ><h5><span class=\"\"><\/span>GustoByte UG (haftungsbeschr\u00e4nkt)<\/h5>\r\n                <p>Hohe Str. 62<br \/>\n31592 Stolzenau<br \/>\nDeutschland<\/p><h5><span class=\"\"><\/span>Telefon<\/h5>\r\n                <p><a href=\"tel:+4957618314914\">+49 (0) 5761 83 14 9 14<\/a><\/p><h5><span class=\"\"><\/span>E-Mail<\/h5>\r\n                <p><a href=\"mailto:hello@gustobyte.com\">hello@gustobyte.com<\/a><\/p><\/div>[\/vc_column][vc_column width=&#8220;2\/3&#8243;]<div class=\"wpcf7 no-js\" id=\"wpcf7-f428-o1\" lang=\"de-DE\" dir=\"ltr\">\n<div class=\"screen-reader-response\"><p role=\"status\" aria-live=\"polite\" aria-atomic=\"true\"><\/p> <ul><\/ul><\/div>\n<form action=\"\/de\/wp-json\/wp\/v2\/pages\/408#wpcf7-f428-o1\" method=\"post\" class=\"wpcf7-form init\" aria-label=\"Contact form\" novalidate=\"novalidate\" data-status=\"init\">\n<div style=\"display: none;\">\n<input type=\"hidden\" name=\"_wpcf7\" value=\"428\" \/>\n<input type=\"hidden\" name=\"_wpcf7_version\" value=\"5.7.2\" \/>\n<input type=\"hidden\" name=\"_wpcf7_locale\" value=\"de_DE\" \/>\n<input type=\"hidden\" name=\"_wpcf7_unit_tag\" value=\"wpcf7-f428-o1\" \/>\n<input type=\"hidden\" name=\"_wpcf7_container_post\" value=\"0\" \/>\n<input type=\"hidden\" name=\"_wpcf7_posted_data_hash\" value=\"\" \/>\n<\/div>\n<div class=\"row\">\n\t<div class=\"col-12 col-lg-6\">\n\t\t<div class=\"form-group mt-2 mb-3\">\n\t\t\t<p><span class=\"wpcf7-form-control-wrap\" data-name=\"your-name\"><input size=\"40\" class=\"wpcf7-form-control wpcf7-text wpcf7-validates-as-required form-control\" aria-required=\"true\" aria-invalid=\"false\" placeholder=\"Name\" value=\"\" type=\"text\" name=\"your-name\" \/><\/span>\n\t\t\t<\/p>\n\t\t<\/div>\n\t<\/div>\n\t<div class=\"col-12 col-lg-6\">\n\t\t<div class=\"form-group mt-2 mb-3\">\n\t\t\t<p><span class=\"wpcf7-form-control-wrap\" data-name=\"your-email\"><input size=\"40\" class=\"wpcf7-form-control wpcf7-text wpcf7-email wpcf7-validates-as-required wpcf7-validates-as-email form-control\" aria-required=\"true\" aria-invalid=\"false\" placeholder=\"E-Mail\" value=\"\" type=\"email\" name=\"your-email\" \/><\/span>\n\t\t\t<\/p>\n\t\t<\/div>\n\t<\/div>\n<\/div>\n<div class=\"row\">\n\t<div class=\"col-12 col-lg-12\">\n\t\t<div class=\"form-group mt-2 mb-3\">\n\t\t\t<p><span class=\"wpcf7-form-control-wrap\" data-name=\"your-subject\"><input size=\"40\" class=\"wpcf7-form-control wpcf7-text wpcf7-validates-as-required form-control\" aria-required=\"true\" aria-invalid=\"false\" placeholder=\"Betreff\" value=\"\" type=\"text\" name=\"your-subject\" \/><\/span>\n\t\t\t<\/p>\n\t\t<\/div>\n\t<\/div>\n<\/div>\n<div class=\"row\">\n\t<div class=\"col-12 col-lg-12\">\n\t\t<div class=\"form-group mt-2 mb-3\">\n\t\t\t<p><span class=\"wpcf7-form-control-wrap\" data-name=\"your-message\"><textarea cols=\"40\" rows=\"4\" class=\"wpcf7-form-control wpcf7-textarea form-control\" aria-invalid=\"false\" placeholder=\"Nachricht\" name=\"your-message\"><\/textarea><\/span>\n\t\t\t<\/p>\n\t\t<\/div>\n\t<\/div>\n<\/div>\n<div class=\"row\">\n\t<div class=\"col-12 col-lg-12 mt-2\">\n\t\t<p><input class=\"wpcf7-form-control has-spinner wpcf7-submit btn\" type=\"submit\" value=\"Nachricht senden\" \/>\n\t\t<\/p>\n\t<\/div>\n<\/div><div class=\"wpcf7-response-output\" aria-hidden=\"true\"><\/div><\/form><\/div>[\/vc_column][\/vc_row][\/vc_section]<\/p>\n<\/section>","protected":false},"excerpt":{"rendered":"<p>[vc_section el_id=&#8220;banner&#8220;][vc_row][vc_column][\/vc_column][\/vc_row][\/vc_section][vc_section el_id=&#8220;clients&#8220; el_class=&#8220;section-box bg-grey&#8220;][\/vc_section][vc_section el_id=&#8220;features&#8220;][vc_row][vc_column][\/vc_column][\/vc_row][vc_row el_class=&#8220;vc_row-flex align-items-center&#8220;][vc_column width=&#8220;1\/3&#8243;][\/vc_column][vc_column width=&#8220;1\/3&#8243; offset=&#8220;vc_hidden-xs&#8220;][vc_single_image image=&#8220;281&#8243; img_size=&#8220;full&#8220; alignment=&#8220;center&#8220; css_animation=&#8220;fadeInUp&#8220;][\/vc_column][vc_column width=&#8220;1\/3&#8243;][\/vc_column][\/vc_row][\/vc_section][vc_section el_id=&#8220;services&#8220;][vc_row][vc_column][\/vc_column][\/vc_row][vc_row][vc_column width=&#8220;1\/3&#8243;][\/vc_column][vc_column width=&#8220;1\/3&#8243;][\/vc_column][vc_column width=&#8220;1\/3&#8243;][\/vc_column][\/vc_row][\/vc_section][vc_section el_id=&#8220;support&#8220;][vc_row][vc_column el_id=&#8220;faq&#8220;][\/vc_column][\/vc_row][vc_row][vc_column offset=&#8220;vc_col-lg-offset-1 vc_col-lg-10&#8243;][\/vc_column][\/vc_row][vc_row][vc_column][vc_empty_space height=&#8220;30px&#8220;][vc_column_text el_class=&#8220;mb-0&#8243;] Sie haben weitere Fragen? Schreiben Sie uns [\/vc_column_text][\/vc_column][\/vc_row][\/vc_section][vc_section el_id=&#8220;contact&#8220;][vc_row][vc_column][\/vc_column][\/vc_row][vc_row][vc_column width=&#8220;1\/3&#8243;][\/vc_column][vc_column width=&#8220;2\/3&#8243;][\/vc_column][\/vc_row][\/vc_section]<\/p>\n","protected":false},"author":1,"featured_media":0,"parent":0,"menu_order":0,"comment_status":"closed","ping_status":"closed","template":"templates\/front.php","meta":[],"_links":{"self":[{"href":"https:\/\/gustobyte.com\/de\/wp-json\/wp\/v2\/pages\/408"}],"collection":[{"href":"https:\/\/gustobyte.com\/de\/wp-json\/wp\/v2\/pages"}],"about":[{"href":"https:\/\/gustobyte.com\/de\/wp-json\/wp\/v2\/types\/page"}],"author":[{"embeddable":true,"href":"https:\/\/gustobyte.com\/de\/wp-json\/wp\/v2\/users\/1"}],"replies":[{"embeddable":true,"href":"https:\/\/gustobyte.com\/de\/wp-json\/wp\/v2\/comments?post=408"}],"version-history":[{"count":10,"href":"https:\/\/gustobyte.com\/de\/wp-json\/wp\/v2\/pages\/408\/revisions"}],"predecessor-version":[{"id":438,"href":"https:\/\/gustobyte.com\/de\/wp-json\/wp\/v2\/pages\/408\/revisions\/438"}],"wp:attachment":[{"href":"https:\/\/gustobyte.com\/de\/wp-json\/wp\/v2\/media?parent=408"}],"curies":[{"name":"wp","href":"https:\/\/api.w.org\/{rel}","templated":true}]}}